{"id":2469,"date":"2015-03-07T20:16:11","date_gmt":"2015-03-08T00:16:11","guid":{"rendered":"http:\/\/chequeado.com\/justiciapedia\/?page_id=2469"},"modified":"2017-03-17T16:52:30","modified_gmt":"2017-03-17T20:52:30","slug":"equipo","status":"publish","type":"page","link":"https:\/\/chequeado.com\/justiciapedia\/equipo\/","title":{"rendered":"Equipo"},"content":{"rendered":"<p><strong>Equipo<\/strong><\/p>\n<p><strong>Chequeado<\/strong><\/p>\n<p>Laura Zommer \u2013 Directora ejecutiva y period\u00edstica de Chequeado<br \/>\nManuel Tarricone \u2013 Periodista de Chequeado<\/p>\n<p><strong>ACIJ<\/strong><\/p>\n<p>Renzo Lav\u00edn \u2013 Coodirector de ACIJ<br \/>\nFernando Bracaccini \u2013 Coordinador del \u00e1rea Fortalecimiento de las Instituciones Democr\u00e1ticas y Lucha contra la Corrupci\u00f3n de ACIJ<br \/>\nMarcelo Giulitti \u2013 Abogado del \u00e1rea de Fortalecimiento de las Instituciones Democr\u00e1ticas y Lucha contra la Corrupci\u00f3n de ACIJ<\/p>\n<p><strong>Justiciapedia<\/strong> es una idea original de Laura Zommer y Mart\u00edn B\u00f6hmer, anteriormente director de esta iniciativa.<\/p>\n","protected":false},"excerpt":{"rendered":"<p>Equipo Chequeado Laura Zommer \u2013 Directora ejecutiva y period\u00edstica de Chequeado Manuel Tarricone \u2013 Periodista de Chequeado ACIJ Renzo Lav\u00edn \u2013 Coodirector de ACIJ Fernando Bracaccini \u2013 Coordinador del \u00e1rea Fortalecimiento de las Instituciones Democr\u00e1ticas y Lucha contra la Corrupci\u00f3n de ACIJ Marcelo Giulitti \u2013 Abogado del \u00e1rea de Fortalecimiento de las Instituciones Democr\u00e1ticas y [&hellip;]<\/p>\n","protected":false},"author":3,"featured_media":0,"parent":0,"menu_order":0,"comment_status":"open","ping_status":"open","template":"","meta":{"_acf_changed":false,"footnotes":""},"class_list":["post-2469","page","type-page","status-publish","hentry"],"acf":[],"_links":{"self":[{"href":"https:\/\/chequeado.com\/justiciapedia\/wp-json\/wp\/v2\/pages\/2469","targetHints":{"allow":["GET"]}}],"collection":[{"href":"https:\/\/chequeado.com\/justiciapedia\/wp-json\/wp\/v2\/pages"}],"about":[{"href":"https:\/\/chequeado.com\/justiciapedia\/wp-json\/wp\/v2\/types\/page"}],"author":[{"embeddable":true,"href":"https:\/\/chequeado.com\/justiciapedia\/wp-json\/wp\/v2\/users\/3"}],"replies":[{"embeddable":true,"href":"https:\/\/chequeado.com\/justiciapedia\/wp-json\/wp\/v2\/comments?post=2469"}],"version-history":[{"count":8,"href":"https:\/\/chequeado.com\/justiciapedia\/wp-json\/wp\/v2\/pages\/2469\/revisions"}],"predecessor-version":[{"id":7371,"href":"https:\/\/chequeado.com\/justiciapedia\/wp-json\/wp\/v2\/pages\/2469\/revisions\/7371"}],"wp:attachment":[{"href":"https:\/\/chequeado.com\/justiciapedia\/wp-json\/wp\/v2\/media?parent=2469"}],"curies":[{"name":"wp","href":"https:\/\/api.w.org\/{rel}","templated":true}]}}