{"id":4405,"date":"2015-05-20T11:02:26","date_gmt":"2015-05-20T15:02:26","guid":{"rendered":"http:\/\/chequeado.com\/justiciapedia\/?page_id=4405"},"modified":"2017-03-17T16:50:26","modified_gmt":"2017-03-17T20:50:26","slug":"por-donde-empezamos","status":"publish","type":"page","link":"https:\/\/chequeado.com\/justiciapedia\/por-donde-empezamos\/","title":{"rendered":"Por d\u00f3nde empezamos"},"content":{"rendered":"<p>La plataforma <strong>Justiciapedia<\/strong> fue lanzada en mayo de 2015 con 75 perfiles de jueces, fiscales, abogados y acad\u00e9micos. Se trataba de una muestra de los funcionarios judiciales m\u00e1s importantes del pa\u00eds, sumados a otros con alta incidencia en la agenda p\u00fablica y abogados y acad\u00e9micos relacionados con estos funcionarios.<\/p>\n<p>En esa primera etapa se incluyeron perfiles de los jueces de la <strong>Corte Suprema de Justicia de la Naci\u00f3n, la procuradora general de la Naci\u00f3n, la defensora general de la Naci\u00f3n, jueces y fiscales de la C\u00e1mara Nacional de Casaci\u00f3n Penal y del fuero federal en lo Criminal y Correccional de la Ciudad Aut\u00f3noma de Buenos Aires, miembros del Consejo de la Magistratura<\/strong>, y algunos abogados y profesores de Derecho con v\u00ednculos con \u00e9stos.<\/p>\n<p>La selecci\u00f3n del fuero federal en lo Criminal y Correccional porte\u00f1o responde a su relevancia institucional y su alta presencia en la agenda pol\u00edtica y medi\u00e1tica. Este fuero se ocupa de los casos en los que funcionarios p\u00fablicos nacionales se encuentran acusados por la comisi\u00f3n de delitos de corrupci\u00f3n u otros vinculados con su actuaci\u00f3n.<\/p>\n<p>As\u00ed, y en l\u00ednea con la misi\u00f3n de <strong>Chequeado<\/strong> de aportar datos para mejorar el debate p\u00fablico, la publicaci\u00f3n de informaci\u00f3n sobre las relaciones entre los miembros de las diferentes profesiones del Derecho que se encuentran involucrados en el funcionamiento de este fuero resulta vital.<\/p>\n<p>La legitimidad de los funcionarios p\u00fablicos est\u00e1 en juego en las causas que se ventilan en estos tribunales y por ello <strong>Justiciapedia<\/strong> comenz\u00f3 con el an\u00e1lisis de estas relaciones. La informaci\u00f3n presentada resulta un insumo para la discusi\u00f3n sobre estas causas judiciales y los protagonistas que las llevan adelante.<\/p>\n<p>Es por ello que no hicimos distinci\u00f3n alguna entre los magistrados y agotamos la lista de miembros de este fuero clave.<\/p>\n<p>Por recomendaci\u00f3n de distintas organizaciones de la sociedad civil, en la segunda etapa del proyecto se incluyeron jueces federales del interior del pa\u00eds. Los distritos elegidos en la segunda etapa fueron los de <strong>La Plata, San Mart\u00edn, C\u00f3rdoba, Rosario, Mendoza y Tucum\u00e1n.<\/strong> Con estas jurisdicciones federales, se sumaron 80 nuevos perfiles a la plataforma.<\/p>\n<p>En la tercera etapa, en la que Chequeado se asoci\u00f3 con la Asociaci\u00f3n Civil por la Igualdad y la Justicia (ACIJ), <strong>Justiciapedia<\/strong> incorpor\u00f3 perfiles de los <strong>Tribunales Orales en lo Criminal Federal de la Capital Federal, los jueces del fuero Penal Econ\u00f3mico, los magistrados de la C\u00e1mara de Casaci\u00f3n en lo Criminal y Correccional de la Capital Federal y jueces el fuero Contencioso Administrativo Federal.<\/strong><\/p>\n<p>Actualmente, <strong>Justiciapedia<\/strong> se encuentra en una cuarta etapa, en la que se trabaja con foco en la difusi\u00f3n de los perfiles ya elaborados y se producir\u00e1n perfiles seleccionados por su irrupci\u00f3n y relevancia en el debate p\u00fablico, sin importar al fuero ni jurisdicci\u00f3n a la que pertenezcan.<\/p>\n<p>Resulta fundamental advertir que las informaciones presentadas en <strong>Justiciapedia<\/strong> no son un conjunto cerrado. Al contrario, la actividad de esta plataforma no termina con su puesta on line, sino que se encuentra abierta a la comunidad, a los esfuerzos que pueda realizar Chequeado en el futuro o a los que realicen otras organizaciones que utilicen nuestra plataforma para hacer visibles sus propias investigaciones.<\/p>\n","protected":false},"excerpt":{"rendered":"<p>La plataforma Justiciapedia fue lanzada en mayo de 2015 con 75 perfiles de jueces, fiscales, abogados y acad\u00e9micos. Se trataba de una muestra de los funcionarios judiciales m\u00e1s importantes del pa\u00eds, sumados a otros con alta incidencia en la agenda p\u00fablica y abogados y acad\u00e9micos relacionados con estos funcionarios. En esa primera etapa se incluyeron [&hellip;]<\/p>\n","protected":false},"author":3,"featured_media":0,"parent":0,"menu_order":0,"comment_status":"open","ping_status":"open","template":"","meta":{"_acf_changed":false,"footnotes":""},"class_list":["post-4405","page","type-page","status-publish","hentry"],"acf":[],"_links":{"self":[{"href":"https:\/\/chequeado.com\/justiciapedia\/wp-json\/wp\/v2\/pages\/4405","targetHints":{"allow":["GET"]}}],"collection":[{"href":"https:\/\/chequeado.com\/justiciapedia\/wp-json\/wp\/v2\/pages"}],"about":[{"href":"https:\/\/chequeado.com\/justiciapedia\/wp-json\/wp\/v2\/types\/page"}],"author":[{"embeddable":true,"href":"https:\/\/chequeado.com\/justiciapedia\/wp-json\/wp\/v2\/users\/3"}],"replies":[{"embeddable":true,"href":"https:\/\/chequeado.com\/justiciapedia\/wp-json\/wp\/v2\/comments?post=4405"}],"version-history":[{"count":4,"href":"https:\/\/chequeado.com\/justiciapedia\/wp-json\/wp\/v2\/pages\/4405\/revisions"}],"predecessor-version":[{"id":7370,"href":"https:\/\/chequeado.com\/justiciapedia\/wp-json\/wp\/v2\/pages\/4405\/revisions\/7370"}],"wp:attachment":[{"href":"https:\/\/chequeado.com\/justiciapedia\/wp-json\/wp\/v2\/media?parent=4405"}],"curies":[{"name":"wp","href":"https:\/\/api.w.org\/{rel}","templated":true}]}}