{"id":4407,"date":"2015-05-20T11:03:18","date_gmt":"2015-05-20T15:03:18","guid":{"rendered":"http:\/\/chequeado.com\/justiciapedia\/?page_id=4407"},"modified":"2017-03-17T16:47:30","modified_gmt":"2017-03-17T20:47:30","slug":"metodo","status":"publish","type":"page","link":"https:\/\/chequeado.com\/justiciapedia\/metodo\/","title":{"rendered":"M\u00e9todo"},"content":{"rendered":"<p>La principal caracter\u00edstica de <strong>Justiciapedia<\/strong> es que las relaciones identificadas y consignadas en esta base s\u00f3lo se publican cuando se accedi\u00f3 a datos abiertos que las respaldan. Esa informaci\u00f3n est\u00e1 detallada en la solapa \u201cEstad\u00edsticas\u201d, que figura en la parte superior de cada perfil, y que incluye la secci\u00f3n \u201cDocumentos\u201d.<\/p>\n<p>A continuaci\u00f3n se presentan los pasos que se siguieron para construir esta plataforma y que permiten identificar relaciones contrastables entre los operadores del Derecho.<\/p>\n<p>1- <strong>Justiciapedia<\/strong> no publica relaciones obtenidas en off the record por integrantes de su equipo ni v\u00ednculos publicados por medios de comunicaci\u00f3n que no sean contrastables con informaci\u00f3n abierta. Se invita a todos (tanto a los perfilados como a cualquier ciudadano) a aportar datos sobre \u00e9stos u otros perfiles, pero ellos s\u00f3lo se incluir\u00e1n en la plataforma cuando se obtengan fuentes abiertas que los validen.<\/p>\n<p>2- En muchos casos la informaci\u00f3n m\u00e1s relevante que se consigna se origin\u00f3 en los propios CV de los protagonistas, ya sean jueces, fiscales, acad\u00e9micos o abogados. Hay, sin embargo, numerosos ejemplos de integrantes del Poder Judicial y del Ministerio P\u00fablico Fiscal cuyos CV no son p\u00fablicos ni est\u00e1n disponibles. Esto hace m\u00e1s dif\u00edcil la realizaci\u00f3n de esos perfiles y evidencia la falta de transparencia de algunos datos b\u00e1sicos de la administraci\u00f3n judicial.<\/p>\n<p>3- Muchas relaciones se\u00f1aladas surgieron de las n\u00f3minas de docentes de las c\u00e1tedras de Derecho de las distintas universidades del pa\u00eds. La relaci\u00f3n entre un titular de c\u00e1tedra y un profesor adjunto, por ejemplo, es un dato contrastable y que suele tener a jueces, fiscales y abogados matriculados entre sus protagonistas.<\/p>\n<p>4- Cuando no se cuenta con CV de la persona bajo an\u00e1lisis, la forma m\u00e1s precisa de rastrear su trayectoria consiste en buscar los decretos del Poder Ejecutivo Nacional que oficializan su designaci\u00f3n como juez, fiscal, funcionario de otros poderes del Estado. Esta b\u00fasqueda permite identificar con qui\u00e9n trabaj\u00f3 esa persona, qui\u00e9nes fueron sus secretarios y sus jefes, dependiendo del cargo en el que haya sido designado.<\/p>\n<p>5- Se utiliz\u00f3 tambi\u00e9n otra manera de identificar relaciones que se generan dentro de la Justicia. Todas las designaciones de personal (desde el rango jer\u00e1rquico m\u00e1s bajo hasta el m\u00e1s alto) que se producen en los Tribunales que dependen del Poder Judicial de la Naci\u00f3n requiere de resoluciones que llevan la firma del presidente de la Corte Suprema de Justicia de la Naci\u00f3n. Esas resoluciones son p\u00fablicas y est\u00e1n <a href=\"http:\/\/www.csjn.gov.ar\/personal-judicial\/personal\/todo\">disponibles<\/a> en el sitio web de la Corte.<\/p>\n<p>6- Las relaciones m\u00e1s dif\u00edciles de sacar a la luz bajo este m\u00e9todo de investigaci\u00f3n y apertura de datos son las extra judiciales y extra acad\u00e9micas. Sin embargo, es posible identificar con fuentes abiertas a jueces, fiscales y abogados como integrantes de ONG, dirigentes de clubes, coautores de libros, directores de revistas o publicaciones o accionistas en diversas sociedades.<\/p>\n<p>7- Las amistades personales son m\u00e1s dif\u00edciles de probar con documentos abiertos. Sin embargo, cuando un protagonista admiti\u00f3 p\u00fablicamente (en una entrevista grabada, un discurso o un fallo, etc.) su conocimiento y\/o amistad con otra persona, eso constituye un dato con sustento para esta plataforma. Lo mismo ocurre con los lazos familiares.<\/p>\n","protected":false},"excerpt":{"rendered":"<p>La principal caracter\u00edstica de Justiciapedia es que las relaciones identificadas y consignadas en esta base s\u00f3lo se publican cuando se accedi\u00f3 a datos abiertos que las respaldan. Esa informaci\u00f3n est\u00e1 detallada en la solapa \u201cEstad\u00edsticas\u201d, que figura en la parte superior de cada perfil, y que incluye la secci\u00f3n \u201cDocumentos\u201d. A continuaci\u00f3n se presentan los [&hellip;]<\/p>\n","protected":false},"author":3,"featured_media":0,"parent":0,"menu_order":0,"comment_status":"open","ping_status":"open","template":"","meta":{"_acf_changed":false,"footnotes":""},"class_list":["post-4407","page","type-page","status-publish","hentry"],"acf":[],"_links":{"self":[{"href":"https:\/\/chequeado.com\/justiciapedia\/wp-json\/wp\/v2\/pages\/4407","targetHints":{"allow":["GET"]}}],"collection":[{"href":"https:\/\/chequeado.com\/justiciapedia\/wp-json\/wp\/v2\/pages"}],"about":[{"href":"https:\/\/chequeado.com\/justiciapedia\/wp-json\/wp\/v2\/types\/page"}],"author":[{"embeddable":true,"href":"https:\/\/chequeado.com\/justiciapedia\/wp-json\/wp\/v2\/users\/3"}],"replies":[{"embeddable":true,"href":"https:\/\/chequeado.com\/justiciapedia\/wp-json\/wp\/v2\/comments?post=4407"}],"version-history":[{"count":4,"href":"https:\/\/chequeado.com\/justiciapedia\/wp-json\/wp\/v2\/pages\/4407\/revisions"}],"predecessor-version":[{"id":7369,"href":"https:\/\/chequeado.com\/justiciapedia\/wp-json\/wp\/v2\/pages\/4407\/revisions\/7369"}],"wp:attachment":[{"href":"https:\/\/chequeado.com\/justiciapedia\/wp-json\/wp\/v2\/media?parent=4407"}],"curies":[{"name":"wp","href":"https:\/\/api.w.org\/{rel}","templated":true}]}}