{"id":4409,"date":"2015-05-20T11:03:36","date_gmt":"2015-05-20T15:03:36","guid":{"rendered":"http:\/\/chequeado.com\/justiciapedia\/?page_id=4409"},"modified":"2017-04-10T17:02:13","modified_gmt":"2017-04-10T21:02:13","slug":"regulacion","status":"publish","type":"page","link":"https:\/\/chequeado.com\/justiciapedia\/regulacion\/","title":{"rendered":"Regulaci\u00f3n"},"content":{"rendered":"<div>Un equipo coordinado por Mart\u00edn Hevia, decano ejecutivo de la Escuela de Derecho de la Universidad Di Tella, analiz\u00f3 la regulaci\u00f3n vigente en la Argentina sobre \u00e9tica judicial. La conclusi\u00f3n es que existe normativa, aunque ella est\u00e1 dispersa y no alcanza a cubrir la cantidad y variedad de conflictos \u00e9ticos que pueden enfrentar los magistrados.<\/div>\n<div><\/div>\n<div>Para acceder al documento Justiciapedia: \u00c9tica judicial, clique <a href=\"http:\/\/chequeado.com\/justiciapedia\/wp-content\/uploads\/2014\/12\/Justiciapedia-Etica-judicial.pdf\" target=\"_blank\">ac\u00e1<\/a>. (Para ver Anexo Justiciapedia, clique <a href=\"http:\/\/chequeado.com\/justiciapedia\/wp-content\/uploads\/2015\/05\/Justiciapedia-ANEXO.pdf\" target=\"_blank\">ac\u00e1<\/a>)<\/div>\n<div><\/div>\n<div>Despu\u00e9s de dos a\u00f1os de trabajar desde Chequeado en la construcci\u00f3n de Justiciapedia advertimos que la plataforma recopila y pone en evidencia informaci\u00f3n valiosa que pod\u00eda servir para incidir e impulsar reformas pro transparencia en el sistema judicial.Por eso, nos asociamos con la Asociaci\u00f3n Civil por la Igualdad y la Justicia (ACIJ), que trabaja en ello desde hace m\u00e1s de una d\u00e9cada.Los siguientes documentos elaborados por ACIJ permiten conocer m\u00e1s sobre el funcionamiento de la Justicia y sus desaf\u00edos en materia de transparencia:<\/div>\n<div>\n<ul>\n<li><a href=\"http:\/\/chequeado.com\/justiciapedia\/wp-content\/uploads\/2015\/05\/PolicyBrief-Concursos-2.pdf\" target=\"_blank\">Demoras en los concursos abiertos en el Consejo de la Magistratura de la Naci\u00f3n.<\/a><\/li>\n<li><a href=\"http:\/\/chequeado.com\/justiciapedia\/wp-content\/uploads\/2015\/05\/PolicyBrief-ProcesosDisciplinariosContraJueces-2.pdf\" target=\"_blank\">Procesos disciplinarios contra jueces.<\/a><\/li>\n<li><a href=\"http:\/\/chequeado.com\/justiciapedia\/wp-content\/uploads\/2015\/05\/PolicyBrief-DDJJ-2.pdf\" target=\"_blank\">Las declaraciones juradas de los jueces.<\/a><\/li>\n<li><a href=\"http:\/\/chequeado.com\/justiciapedia\/wp-content\/uploads\/2015\/05\/PolicyBrief-CSJN-2.pdf\" target=\"_blank\">El proceso de designaci\u00f3n de los jueces de la Corte Suprema.<\/a><\/li>\n<\/ul>\n<\/div>\n","protected":false},"excerpt":{"rendered":"<p>Un equipo coordinado por Mart\u00edn Hevia, decano ejecutivo de la Escuela de Derecho de la Universidad Di Tella, analiz\u00f3 la regulaci\u00f3n vigente en la Argentina sobre \u00e9tica judicial. La conclusi\u00f3n es que existe normativa, aunque ella est\u00e1 dispersa y no alcanza a cubrir la cantidad y variedad de conflictos \u00e9ticos que pueden enfrentar los magistrados. [&hellip;]<\/p>\n","protected":false},"author":3,"featured_media":0,"parent":0,"menu_order":0,"comment_status":"open","ping_status":"open","template":"","meta":{"_acf_changed":false,"footnotes":""},"class_list":["post-4409","page","type-page","status-publish","hentry"],"acf":[],"_links":{"self":[{"href":"https:\/\/chequeado.com\/justiciapedia\/wp-json\/wp\/v2\/pages\/4409","targetHints":{"allow":["GET"]}}],"collection":[{"href":"https:\/\/chequeado.com\/justiciapedia\/wp-json\/wp\/v2\/pages"}],"about":[{"href":"https:\/\/chequeado.com\/justiciapedia\/wp-json\/wp\/v2\/types\/page"}],"author":[{"embeddable":true,"href":"https:\/\/chequeado.com\/justiciapedia\/wp-json\/wp\/v2\/users\/3"}],"replies":[{"embeddable":true,"href":"https:\/\/chequeado.com\/justiciapedia\/wp-json\/wp\/v2\/comments?post=4409"}],"version-history":[{"count":20,"href":"https:\/\/chequeado.com\/justiciapedia\/wp-json\/wp\/v2\/pages\/4409\/revisions"}],"predecessor-version":[{"id":7388,"href":"https:\/\/chequeado.com\/justiciapedia\/wp-json\/wp\/v2\/pages\/4409\/revisions\/7388"}],"wp:attachment":[{"href":"https:\/\/chequeado.com\/justiciapedia\/wp-json\/wp\/v2\/media?parent=4409"}],"curies":[{"name":"wp","href":"https:\/\/api.w.org\/{rel}","templated":true}]}}